{"id":18681,"date":"2025-06-18T05:13:10","date_gmt":"2025-06-18T03:13:10","guid":{"rendered":"https:\/\/www.autonba.com\/?product=moderno-shawn-kemp-cleveland-cavaliers-hardwood-classics-swingman-jersey-white"},"modified":"2025-06-18T05:14:12","modified_gmt":"2025-06-18T03:14:12","slug":"moderno-shawn-kemp-cleveland-cavaliers-hardwood-classics-swingman-jersey-white","status":"publish","type":"product","link":"https:\/\/www.autonba.com\/?product=moderno-shawn-kemp-cleveland-cavaliers-hardwood-classics-swingman-jersey-white","title":{"rendered":"Moderno Shawn Kemp Cleveland Cavaliers Hardwood Classics Swingman Jersey White"},"content":{"rendered":"<p>Pr\u00e1ctico Exquisito Shawn Kemp Cleveland Cavaliers Hardwood Classics Swingman Jersey White  para la gran final<\/p>\n<p>Sum\u00e9rgete en la emoci\u00f3n con esta camiseta. Moderno Shawn Kemp Cleveland Cavaliers Hardwood Classics Swingman Jersey White. \u00a1No te la pierdas!<\/p>\n","protected":false},"excerpt":{"rendered":"<p>Pr\u00e1ctico Exquisito Shawn Kemp Cleveland Cavaliers Hardwood Classics Swingman Jersey White para la gran final Sum\u00e9rgete en la emoci\u00f3n con esta camiseta. Moderno Shawn Kemp Cleveland Cavaliers Hardwood Classics Swingman Jersey White. \u00a1No te la pierdas!<\/p>\n","protected":false},"featured_media":18688,"comment_status":"open","ping_status":"open","template":"","meta":[],"product_brand":[],"product_cat":[141,198],"product_tag":[78],"class_list":{"0":"post-18681","1":"product","2":"type-product","3":"status-publish","4":"has-post-thumbnail","6":"product_cat-cleveland-cavaliers","7":"product_cat-jersey-cleveland-cavaliers","8":"product_tag-jersey","9":"pa_size-2xl","10":"pa_size-3xl","11":"pa_size-l","12":"pa_size-m","13":"pa_size-s","14":"pa_size-xl","16":"first","17":"instock","18":"sale","19":"purchasable","20":"product-type-variable"},"yoast_head":"<!-- This site is optimized with the Yoast SEO Premium plugin v25.3 (Yoast SEO v27.3) - https:\/\/yoast.com\/product\/yoast-seo-premium-wordpress\/ -->\n<title>Pr\u00e1ctico Exquisito Shawn Kemp Cleveland Cavaliers Hardwood Classics Swingman Jersey White para la gran final<\/title>\n<meta name=\"description\" content=\"Sum\u00e9rgete en la emoci\u00f3n con esta camiseta. Moderno Shawn Kemp Cleveland Cavaliers Hardwood Classics Swingman Jersey White. \u00a1No te la pierdas!\" \/>\n<meta name=\"robots\" content=\"index, follow, max-snippet:-1, max-image-preview:large, max-video-preview:-1\" \/>\n<link rel=\"canonical\" href=\"https:\/\/www.autonba.com\/?product=moderno-shawn-kemp-cleveland-cavaliers-hardwood-classics-swingman-jersey-white\" \/>\n<meta property=\"og:locale\" content=\"es_ES\" \/>\n<meta property=\"og:type\" content=\"article\" \/>\n<meta property=\"og:title\" content=\"Moderno Shawn Kemp Cleveland Cavaliers Hardwood Classics Swingman Jersey White\" \/>\n<meta property=\"og:description\" content=\"Sum\u00e9rgete en la emoci\u00f3n con esta camiseta. Moderno Shawn Kemp Cleveland Cavaliers Hardwood Classics Swingman Jersey White. \u00a1No te la pierdas!\" \/>\n<meta property=\"og:url\" content=\"https:\/\/www.autonba.com\/?product=moderno-shawn-kemp-cleveland-cavaliers-hardwood-classics-swingman-jersey-white\" \/>\n<meta property=\"og:site_name\" content=\"camiseta barata de la NBA - Tienda online\" \/>\n<meta property=\"article:modified_time\" content=\"2025-06-18T03:14:12+00:00\" \/>\n<meta property=\"og:image\" content=\"https:\/\/www.autonba.com\/wp-content\/uploads\/2025\/06\/Practico-Exquisito-Shawn-Kemp-Cleveland-Cavaliers-Hardwood-Classics-Swingman-Jersey-White-para-la-gran-final.jpeg\" \/>\n\t<meta property=\"og:image:width\" content=\"600\" \/>\n\t<meta property=\"og:image:height\" content=\"600\" \/>\n\t<meta property=\"og:image:type\" content=\"image\/webp\" \/>\n<meta name=\"twitter:card\" content=\"summary_large_image\" \/>\n<meta name=\"twitter:title\" content=\"Pr\u00e1ctico Exquisito Shawn Kemp Cleveland Cavaliers Hardwood Classics Swingman Jersey White para la gran final\" \/>\n<meta name=\"twitter:description\" content=\"Sum\u00e9rgete en la emoci\u00f3n con esta camiseta. Moderno Shawn Kemp Cleveland Cavaliers Hardwood Classics Swingman Jersey White. \u00a1No te la pierdas!\" \/>\n<script type=\"application\/ld+json\" class=\"yoast-schema-graph\">{\"@context\":\"https:\\\/\\\/schema.org\",\"@graph\":[{\"@type\":\"WebPage\",\"@id\":\"https:\\\/\\\/www.autonba.com\\\/?product=moderno-shawn-kemp-cleveland-cavaliers-hardwood-classics-swingman-jersey-white\",\"url\":\"https:\\\/\\\/www.autonba.com\\\/?product=moderno-shawn-kemp-cleveland-cavaliers-hardwood-classics-swingman-jersey-white\",\"name\":\"Pr\u00e1ctico Exquisito Shawn Kemp Cleveland Cavaliers Hardwood Classics Swingman Jersey White para la gran final\",\"isPartOf\":{\"@id\":\"https:\\\/\\\/www.autonba.com\\\/#website\"},\"primaryImageOfPage\":{\"@id\":\"https:\\\/\\\/www.autonba.com\\\/?product=moderno-shawn-kemp-cleveland-cavaliers-hardwood-classics-swingman-jersey-white#primaryimage\"},\"image\":{\"@id\":\"https:\\\/\\\/www.autonba.com\\\/?product=moderno-shawn-kemp-cleveland-cavaliers-hardwood-classics-swingman-jersey-white#primaryimage\"},\"thumbnailUrl\":\"https:\\\/\\\/www.autonba.com\\\/wp-content\\\/uploads\\\/2025\\\/06\\\/Practico-Exquisito-Shawn-Kemp-Cleveland-Cavaliers-Hardwood-Classics-Swingman-Jersey-White-para-la-gran-final.jpeg\",\"datePublished\":\"2025-06-18T03:13:10+00:00\",\"dateModified\":\"2025-06-18T03:14:12+00:00\",\"description\":\"Sum\u00e9rgete en la emoci\u00f3n con esta camiseta. Moderno Shawn Kemp Cleveland Cavaliers Hardwood Classics Swingman Jersey White. \u00a1No te la pierdas!\",\"breadcrumb\":{\"@id\":\"https:\\\/\\\/www.autonba.com\\\/?product=moderno-shawn-kemp-cleveland-cavaliers-hardwood-classics-swingman-jersey-white#breadcrumb\"},\"inLanguage\":\"es\",\"potentialAction\":[{\"@type\":\"ReadAction\",\"target\":[\"https:\\\/\\\/www.autonba.com\\\/?product=moderno-shawn-kemp-cleveland-cavaliers-hardwood-classics-swingman-jersey-white\"]}]},{\"@type\":\"ImageObject\",\"inLanguage\":\"es\",\"@id\":\"https:\\\/\\\/www.autonba.com\\\/?product=moderno-shawn-kemp-cleveland-cavaliers-hardwood-classics-swingman-jersey-white#primaryimage\",\"url\":\"https:\\\/\\\/www.autonba.com\\\/wp-content\\\/uploads\\\/2025\\\/06\\\/Practico-Exquisito-Shawn-Kemp-Cleveland-Cavaliers-Hardwood-Classics-Swingman-Jersey-White-para-la-gran-final.jpeg\",\"contentUrl\":\"https:\\\/\\\/www.autonba.com\\\/wp-content\\\/uploads\\\/2025\\\/06\\\/Practico-Exquisito-Shawn-Kemp-Cleveland-Cavaliers-Hardwood-Classics-Swingman-Jersey-White-para-la-gran-final.jpeg\",\"width\":600,\"height\":600,\"caption\":\"Moderno Shawn Kemp Cleveland Cavaliers Hardwood Classics Swingman Jersey White\"},{\"@type\":\"BreadcrumbList\",\"@id\":\"https:\\\/\\\/www.autonba.com\\\/?product=moderno-shawn-kemp-cleveland-cavaliers-hardwood-classics-swingman-jersey-white#breadcrumb\",\"itemListElement\":[{\"@type\":\"ListItem\",\"position\":1,\"name\":\"home\",\"item\":\"https:\\\/\\\/www.autonba.com\\\/\"},{\"@type\":\"ListItem\",\"position\":2,\"name\":\"Shop\",\"item\":\"https:\\\/\\\/www.autonba.com\\\/?page_id=10\"},{\"@type\":\"ListItem\",\"position\":3,\"name\":\"Moderno Shawn Kemp Cleveland Cavaliers Hardwood Classics Swingman Jersey White\"}]},{\"@type\":\"WebSite\",\"@id\":\"https:\\\/\\\/www.autonba.com\\\/#website\",\"url\":\"https:\\\/\\\/www.autonba.com\\\/\",\"name\":\"Cheap jersey - Online Shop\",\"description\":\"camiseta barata de la NBA\",\"potentialAction\":[{\"@type\":\"SearchAction\",\"target\":{\"@type\":\"EntryPoint\",\"urlTemplate\":\"https:\\\/\\\/www.autonba.com\\\/?s={search_term_string}\"},\"query-input\":{\"@type\":\"PropertyValueSpecification\",\"valueRequired\":true,\"valueName\":\"search_term_string\"}}],\"inLanguage\":\"es\"}]}<\/script>\n<!-- \/ Yoast SEO Premium plugin. -->","yoast_head_json":{"title":"Pr\u00e1ctico Exquisito Shawn Kemp Cleveland Cavaliers Hardwood Classics Swingman Jersey White para la gran final","description":"Sum\u00e9rgete en la emoci\u00f3n con esta camiseta. Moderno Shawn Kemp Cleveland Cavaliers Hardwood Classics Swingman Jersey White. \u00a1No te la pierdas!","robots":{"index":"index","follow":"follow","max-snippet":"max-snippet:-1","max-image-preview":"max-image-preview:large","max-video-preview":"max-video-preview:-1"},"canonical":"https:\/\/www.autonba.com\/?product=moderno-shawn-kemp-cleveland-cavaliers-hardwood-classics-swingman-jersey-white","og_locale":"es_ES","og_type":"article","og_title":"Moderno Shawn Kemp Cleveland Cavaliers Hardwood Classics Swingman Jersey White","og_description":"Sum\u00e9rgete en la emoci\u00f3n con esta camiseta. Moderno Shawn Kemp Cleveland Cavaliers Hardwood Classics Swingman Jersey White. \u00a1No te la pierdas!","og_url":"https:\/\/www.autonba.com\/?product=moderno-shawn-kemp-cleveland-cavaliers-hardwood-classics-swingman-jersey-white","og_site_name":"camiseta barata de la NBA - Tienda online","article_modified_time":"2025-06-18T03:14:12+00:00","og_image":[{"width":600,"height":600,"url":"https:\/\/www.autonba.com\/wp-content\/uploads\/2025\/06\/Practico-Exquisito-Shawn-Kemp-Cleveland-Cavaliers-Hardwood-Classics-Swingman-Jersey-White-para-la-gran-final.jpeg","type":"image\/webp"}],"twitter_card":"summary_large_image","twitter_title":"Pr\u00e1ctico Exquisito Shawn Kemp Cleveland Cavaliers Hardwood Classics Swingman Jersey White para la gran final","twitter_description":"Sum\u00e9rgete en la emoci\u00f3n con esta camiseta. Moderno Shawn Kemp Cleveland Cavaliers Hardwood Classics Swingman Jersey White. \u00a1No te la pierdas!","schema":{"@context":"https:\/\/schema.org","@graph":[{"@type":"WebPage","@id":"https:\/\/www.autonba.com\/?product=moderno-shawn-kemp-cleveland-cavaliers-hardwood-classics-swingman-jersey-white","url":"https:\/\/www.autonba.com\/?product=moderno-shawn-kemp-cleveland-cavaliers-hardwood-classics-swingman-jersey-white","name":"Pr\u00e1ctico Exquisito Shawn Kemp Cleveland Cavaliers Hardwood Classics Swingman Jersey White para la gran final","isPartOf":{"@id":"https:\/\/www.autonba.com\/#website"},"primaryImageOfPage":{"@id":"https:\/\/www.autonba.com\/?product=moderno-shawn-kemp-cleveland-cavaliers-hardwood-classics-swingman-jersey-white#primaryimage"},"image":{"@id":"https:\/\/www.autonba.com\/?product=moderno-shawn-kemp-cleveland-cavaliers-hardwood-classics-swingman-jersey-white#primaryimage"},"thumbnailUrl":"https:\/\/www.autonba.com\/wp-content\/uploads\/2025\/06\/Practico-Exquisito-Shawn-Kemp-Cleveland-Cavaliers-Hardwood-Classics-Swingman-Jersey-White-para-la-gran-final.jpeg","datePublished":"2025-06-18T03:13:10+00:00","dateModified":"2025-06-18T03:14:12+00:00","description":"Sum\u00e9rgete en la emoci\u00f3n con esta camiseta. Moderno Shawn Kemp Cleveland Cavaliers Hardwood Classics Swingman Jersey White. \u00a1No te la pierdas!","breadcrumb":{"@id":"https:\/\/www.autonba.com\/?product=moderno-shawn-kemp-cleveland-cavaliers-hardwood-classics-swingman-jersey-white#breadcrumb"},"inLanguage":"es","potentialAction":[{"@type":"ReadAction","target":["https:\/\/www.autonba.com\/?product=moderno-shawn-kemp-cleveland-cavaliers-hardwood-classics-swingman-jersey-white"]}]},{"@type":"ImageObject","inLanguage":"es","@id":"https:\/\/www.autonba.com\/?product=moderno-shawn-kemp-cleveland-cavaliers-hardwood-classics-swingman-jersey-white#primaryimage","url":"https:\/\/www.autonba.com\/wp-content\/uploads\/2025\/06\/Practico-Exquisito-Shawn-Kemp-Cleveland-Cavaliers-Hardwood-Classics-Swingman-Jersey-White-para-la-gran-final.jpeg","contentUrl":"https:\/\/www.autonba.com\/wp-content\/uploads\/2025\/06\/Practico-Exquisito-Shawn-Kemp-Cleveland-Cavaliers-Hardwood-Classics-Swingman-Jersey-White-para-la-gran-final.jpeg","width":600,"height":600,"caption":"Moderno Shawn Kemp Cleveland Cavaliers Hardwood Classics Swingman Jersey White"},{"@type":"BreadcrumbList","@id":"https:\/\/www.autonba.com\/?product=moderno-shawn-kemp-cleveland-cavaliers-hardwood-classics-swingman-jersey-white#breadcrumb","itemListElement":[{"@type":"ListItem","position":1,"name":"home","item":"https:\/\/www.autonba.com\/"},{"@type":"ListItem","position":2,"name":"Shop","item":"https:\/\/www.autonba.com\/?page_id=10"},{"@type":"ListItem","position":3,"name":"Moderno Shawn Kemp Cleveland Cavaliers Hardwood Classics Swingman Jersey White"}]},{"@type":"WebSite","@id":"https:\/\/www.autonba.com\/#website","url":"https:\/\/www.autonba.com\/","name":"Cheap jersey - Online Shop","description":"camiseta barata de la NBA","potentialAction":[{"@type":"SearchAction","target":{"@type":"EntryPoint","urlTemplate":"https:\/\/www.autonba.com\/?s={search_term_string}"},"query-input":{"@type":"PropertyValueSpecification","valueRequired":true,"valueName":"search_term_string"}}],"inLanguage":"es"}]}},"_links":{"self":[{"href":"https:\/\/www.autonba.com\/index.php?rest_route=\/wp\/v2\/product\/18681","targetHints":{"allow":["GET"]}}],"collection":[{"href":"https:\/\/www.autonba.com\/index.php?rest_route=\/wp\/v2\/product"}],"about":[{"href":"https:\/\/www.autonba.com\/index.php?rest_route=\/wp\/v2\/types\/product"}],"replies":[{"embeddable":true,"href":"https:\/\/www.autonba.com\/index.php?rest_route=%2Fwp%2Fv2%2Fcomments&post=18681"}],"wp:featuredmedia":[{"embeddable":true,"href":"https:\/\/www.autonba.com\/index.php?rest_route=\/wp\/v2\/media\/18688"}],"wp:attachment":[{"href":"https:\/\/www.autonba.com\/index.php?rest_route=%2Fwp%2Fv2%2Fmedia&parent=18681"}],"wp:term":[{"taxonomy":"product_brand","embeddable":true,"href":"https:\/\/www.autonba.com\/index.php?rest_route=%2Fwp%2Fv2%2Fproduct_brand&post=18681"},{"taxonomy":"product_cat","embeddable":true,"href":"https:\/\/www.autonba.com\/index.php?rest_route=%2Fwp%2Fv2%2Fproduct_cat&post=18681"},{"taxonomy":"product_tag","embeddable":true,"href":"https:\/\/www.autonba.com\/index.php?rest_route=%2Fwp%2Fv2%2Fproduct_tag&post=18681"}],"curies":[{"name":"wp","href":"https:\/\/api.w.org\/{rel}","templated":true}]}}