{"id":15863,"date":"2025-06-17T17:35:07","date_gmt":"2025-06-17T15:35:07","guid":{"rendered":"https:\/\/www.autonba.com\/?product=practico-utah-jazz-hardwood-classics-blown-out-fashion-jersey-turquoise"},"modified":"2025-06-17T17:35:45","modified_gmt":"2025-06-17T15:35:45","slug":"practico-utah-jazz-hardwood-classics-blown-out-fashion-jersey-turquoise","status":"publish","type":"product","link":"https:\/\/www.autonba.com\/?product=practico-utah-jazz-hardwood-classics-blown-out-fashion-jersey-turquoise","title":{"rendered":"Pr\u00e1ctico Utah Jazz Hardwood Classics Blown Out Fashion Jersey Turquoise"},"content":{"rendered":"<p>Duradero Utah Jazz Hardwood Classics Blown Out Fashion Jersey Turquoise  para la gran final<\/p>\n<p>Obt\u00e9n la camiseta de alta calidad para tus momentos deportivos. Pr\u00e1ctico Utah Jazz Hardwood Classics Blown Out Fashion Jersey Turquoise. \u00a1No te la pierdas!<\/p>\n","protected":false},"excerpt":{"rendered":"<p>Duradero Utah Jazz Hardwood Classics Blown Out Fashion Jersey Turquoise para la gran final Obt\u00e9n la camiseta de alta calidad para tus momentos deportivos. Pr\u00e1ctico Utah Jazz Hardwood Classics Blown Out Fashion Jersey Turquoise. \u00a1No te la pierdas!<\/p>\n","protected":false},"featured_media":15870,"comment_status":"open","ping_status":"open","template":"","meta":[],"product_brand":[],"product_cat":[116,115],"product_tag":[78],"class_list":{"0":"post-15863","1":"product","2":"type-product","3":"status-publish","4":"has-post-thumbnail","6":"product_cat-jersey-utah-jazz","7":"product_cat-utah-jazz","8":"product_tag-jersey","9":"pa_size-2xl","10":"pa_size-3xl","11":"pa_size-l","12":"pa_size-m","13":"pa_size-s","14":"pa_size-xl","16":"first","17":"instock","18":"sale","19":"purchasable","20":"product-type-variable"},"yoast_head":"<!-- This site is optimized with the Yoast SEO Premium plugin v25.3 (Yoast SEO v27.3) - https:\/\/yoast.com\/product\/yoast-seo-premium-wordpress\/ -->\n<title>Duradero Utah Jazz Hardwood Classics Blown Out Fashion Jersey Turquoise para la gran final<\/title>\n<meta name=\"description\" content=\"Obt\u00e9n la camiseta de alta calidad para tus momentos deportivos. Pr\u00e1ctico Utah Jazz Hardwood Classics Blown Out Fashion Jersey Turquoise. \u00a1No te la pierdas!\" \/>\n<meta name=\"robots\" content=\"index, follow, max-snippet:-1, max-image-preview:large, max-video-preview:-1\" \/>\n<link rel=\"canonical\" href=\"https:\/\/www.autonba.com\/?product=practico-utah-jazz-hardwood-classics-blown-out-fashion-jersey-turquoise\" \/>\n<meta property=\"og:locale\" content=\"es_ES\" \/>\n<meta property=\"og:type\" content=\"article\" \/>\n<meta property=\"og:title\" content=\"Pr\u00e1ctico Utah Jazz Hardwood Classics Blown Out Fashion Jersey Turquoise\" \/>\n<meta property=\"og:description\" content=\"Obt\u00e9n la camiseta de alta calidad para tus momentos deportivos. Pr\u00e1ctico Utah Jazz Hardwood Classics Blown Out Fashion Jersey Turquoise. \u00a1No te la pierdas!\" \/>\n<meta property=\"og:url\" content=\"https:\/\/www.autonba.com\/?product=practico-utah-jazz-hardwood-classics-blown-out-fashion-jersey-turquoise\" \/>\n<meta property=\"og:site_name\" content=\"camiseta barata de la NBA - Tienda online\" \/>\n<meta property=\"article:modified_time\" content=\"2025-06-17T15:35:45+00:00\" \/>\n<meta property=\"og:image\" content=\"https:\/\/www.autonba.com\/wp-content\/uploads\/2025\/06\/Duradero-Utah-Jazz-Hardwood-Classics-Blown-Out-Fashion-Jersey-Turquoise-para-la-gran-final.jpeg\" \/>\n\t<meta property=\"og:image:width\" content=\"600\" \/>\n\t<meta property=\"og:image:height\" content=\"600\" \/>\n\t<meta property=\"og:image:type\" content=\"image\/webp\" \/>\n<meta name=\"twitter:card\" content=\"summary_large_image\" \/>\n<meta name=\"twitter:title\" content=\"Duradero Utah Jazz Hardwood Classics Blown Out Fashion Jersey Turquoise para la gran final\" \/>\n<meta name=\"twitter:description\" content=\"Obt\u00e9n la camiseta de alta calidad para tus momentos deportivos. Pr\u00e1ctico Utah Jazz Hardwood Classics Blown Out Fashion Jersey Turquoise. \u00a1No te la pierdas!\" \/>\n<script type=\"application\/ld+json\" class=\"yoast-schema-graph\">{\"@context\":\"https:\\\/\\\/schema.org\",\"@graph\":[{\"@type\":\"WebPage\",\"@id\":\"https:\\\/\\\/www.autonba.com\\\/?product=practico-utah-jazz-hardwood-classics-blown-out-fashion-jersey-turquoise\",\"url\":\"https:\\\/\\\/www.autonba.com\\\/?product=practico-utah-jazz-hardwood-classics-blown-out-fashion-jersey-turquoise\",\"name\":\"Duradero Utah Jazz Hardwood Classics Blown Out Fashion Jersey Turquoise para la gran final\",\"isPartOf\":{\"@id\":\"https:\\\/\\\/www.autonba.com\\\/#website\"},\"primaryImageOfPage\":{\"@id\":\"https:\\\/\\\/www.autonba.com\\\/?product=practico-utah-jazz-hardwood-classics-blown-out-fashion-jersey-turquoise#primaryimage\"},\"image\":{\"@id\":\"https:\\\/\\\/www.autonba.com\\\/?product=practico-utah-jazz-hardwood-classics-blown-out-fashion-jersey-turquoise#primaryimage\"},\"thumbnailUrl\":\"https:\\\/\\\/www.autonba.com\\\/wp-content\\\/uploads\\\/2025\\\/06\\\/Duradero-Utah-Jazz-Hardwood-Classics-Blown-Out-Fashion-Jersey-Turquoise-para-la-gran-final.jpeg\",\"datePublished\":\"2025-06-17T15:35:07+00:00\",\"dateModified\":\"2025-06-17T15:35:45+00:00\",\"description\":\"Obt\u00e9n la camiseta de alta calidad para tus momentos deportivos. Pr\u00e1ctico Utah Jazz Hardwood Classics Blown Out Fashion Jersey Turquoise. \u00a1No te la pierdas!\",\"breadcrumb\":{\"@id\":\"https:\\\/\\\/www.autonba.com\\\/?product=practico-utah-jazz-hardwood-classics-blown-out-fashion-jersey-turquoise#breadcrumb\"},\"inLanguage\":\"es\",\"potentialAction\":[{\"@type\":\"ReadAction\",\"target\":[\"https:\\\/\\\/www.autonba.com\\\/?product=practico-utah-jazz-hardwood-classics-blown-out-fashion-jersey-turquoise\"]}]},{\"@type\":\"ImageObject\",\"inLanguage\":\"es\",\"@id\":\"https:\\\/\\\/www.autonba.com\\\/?product=practico-utah-jazz-hardwood-classics-blown-out-fashion-jersey-turquoise#primaryimage\",\"url\":\"https:\\\/\\\/www.autonba.com\\\/wp-content\\\/uploads\\\/2025\\\/06\\\/Duradero-Utah-Jazz-Hardwood-Classics-Blown-Out-Fashion-Jersey-Turquoise-para-la-gran-final.jpeg\",\"contentUrl\":\"https:\\\/\\\/www.autonba.com\\\/wp-content\\\/uploads\\\/2025\\\/06\\\/Duradero-Utah-Jazz-Hardwood-Classics-Blown-Out-Fashion-Jersey-Turquoise-para-la-gran-final.jpeg\",\"width\":600,\"height\":600,\"caption\":\"Pr\u00e1ctico Utah Jazz Hardwood Classics Blown Out Fashion Jersey Turquoise\"},{\"@type\":\"BreadcrumbList\",\"@id\":\"https:\\\/\\\/www.autonba.com\\\/?product=practico-utah-jazz-hardwood-classics-blown-out-fashion-jersey-turquoise#breadcrumb\",\"itemListElement\":[{\"@type\":\"ListItem\",\"position\":1,\"name\":\"home\",\"item\":\"https:\\\/\\\/www.autonba.com\\\/\"},{\"@type\":\"ListItem\",\"position\":2,\"name\":\"Shop\",\"item\":\"https:\\\/\\\/www.autonba.com\\\/?page_id=10\"},{\"@type\":\"ListItem\",\"position\":3,\"name\":\"Pr\u00e1ctico Utah Jazz Hardwood Classics Blown Out Fashion Jersey Turquoise\"}]},{\"@type\":\"WebSite\",\"@id\":\"https:\\\/\\\/www.autonba.com\\\/#website\",\"url\":\"https:\\\/\\\/www.autonba.com\\\/\",\"name\":\"Cheap jersey - Online Shop\",\"description\":\"camiseta barata de la NBA\",\"potentialAction\":[{\"@type\":\"SearchAction\",\"target\":{\"@type\":\"EntryPoint\",\"urlTemplate\":\"https:\\\/\\\/www.autonba.com\\\/?s={search_term_string}\"},\"query-input\":{\"@type\":\"PropertyValueSpecification\",\"valueRequired\":true,\"valueName\":\"search_term_string\"}}],\"inLanguage\":\"es\"}]}<\/script>\n<!-- \/ Yoast SEO Premium plugin. -->","yoast_head_json":{"title":"Duradero Utah Jazz Hardwood Classics Blown Out Fashion Jersey Turquoise para la gran final","description":"Obt\u00e9n la camiseta de alta calidad para tus momentos deportivos. Pr\u00e1ctico Utah Jazz Hardwood Classics Blown Out Fashion Jersey Turquoise. \u00a1No te la pierdas!","robots":{"index":"index","follow":"follow","max-snippet":"max-snippet:-1","max-image-preview":"max-image-preview:large","max-video-preview":"max-video-preview:-1"},"canonical":"https:\/\/www.autonba.com\/?product=practico-utah-jazz-hardwood-classics-blown-out-fashion-jersey-turquoise","og_locale":"es_ES","og_type":"article","og_title":"Pr\u00e1ctico Utah Jazz Hardwood Classics Blown Out Fashion Jersey Turquoise","og_description":"Obt\u00e9n la camiseta de alta calidad para tus momentos deportivos. Pr\u00e1ctico Utah Jazz Hardwood Classics Blown Out Fashion Jersey Turquoise. \u00a1No te la pierdas!","og_url":"https:\/\/www.autonba.com\/?product=practico-utah-jazz-hardwood-classics-blown-out-fashion-jersey-turquoise","og_site_name":"camiseta barata de la NBA - Tienda online","article_modified_time":"2025-06-17T15:35:45+00:00","og_image":[{"width":600,"height":600,"url":"https:\/\/www.autonba.com\/wp-content\/uploads\/2025\/06\/Duradero-Utah-Jazz-Hardwood-Classics-Blown-Out-Fashion-Jersey-Turquoise-para-la-gran-final.jpeg","type":"image\/webp"}],"twitter_card":"summary_large_image","twitter_title":"Duradero Utah Jazz Hardwood Classics Blown Out Fashion Jersey Turquoise para la gran final","twitter_description":"Obt\u00e9n la camiseta de alta calidad para tus momentos deportivos. Pr\u00e1ctico Utah Jazz Hardwood Classics Blown Out Fashion Jersey Turquoise. \u00a1No te la pierdas!","schema":{"@context":"https:\/\/schema.org","@graph":[{"@type":"WebPage","@id":"https:\/\/www.autonba.com\/?product=practico-utah-jazz-hardwood-classics-blown-out-fashion-jersey-turquoise","url":"https:\/\/www.autonba.com\/?product=practico-utah-jazz-hardwood-classics-blown-out-fashion-jersey-turquoise","name":"Duradero Utah Jazz Hardwood Classics Blown Out Fashion Jersey Turquoise para la gran final","isPartOf":{"@id":"https:\/\/www.autonba.com\/#website"},"primaryImageOfPage":{"@id":"https:\/\/www.autonba.com\/?product=practico-utah-jazz-hardwood-classics-blown-out-fashion-jersey-turquoise#primaryimage"},"image":{"@id":"https:\/\/www.autonba.com\/?product=practico-utah-jazz-hardwood-classics-blown-out-fashion-jersey-turquoise#primaryimage"},"thumbnailUrl":"https:\/\/www.autonba.com\/wp-content\/uploads\/2025\/06\/Duradero-Utah-Jazz-Hardwood-Classics-Blown-Out-Fashion-Jersey-Turquoise-para-la-gran-final.jpeg","datePublished":"2025-06-17T15:35:07+00:00","dateModified":"2025-06-17T15:35:45+00:00","description":"Obt\u00e9n la camiseta de alta calidad para tus momentos deportivos. Pr\u00e1ctico Utah Jazz Hardwood Classics Blown Out Fashion Jersey Turquoise. \u00a1No te la pierdas!","breadcrumb":{"@id":"https:\/\/www.autonba.com\/?product=practico-utah-jazz-hardwood-classics-blown-out-fashion-jersey-turquoise#breadcrumb"},"inLanguage":"es","potentialAction":[{"@type":"ReadAction","target":["https:\/\/www.autonba.com\/?product=practico-utah-jazz-hardwood-classics-blown-out-fashion-jersey-turquoise"]}]},{"@type":"ImageObject","inLanguage":"es","@id":"https:\/\/www.autonba.com\/?product=practico-utah-jazz-hardwood-classics-blown-out-fashion-jersey-turquoise#primaryimage","url":"https:\/\/www.autonba.com\/wp-content\/uploads\/2025\/06\/Duradero-Utah-Jazz-Hardwood-Classics-Blown-Out-Fashion-Jersey-Turquoise-para-la-gran-final.jpeg","contentUrl":"https:\/\/www.autonba.com\/wp-content\/uploads\/2025\/06\/Duradero-Utah-Jazz-Hardwood-Classics-Blown-Out-Fashion-Jersey-Turquoise-para-la-gran-final.jpeg","width":600,"height":600,"caption":"Pr\u00e1ctico Utah Jazz Hardwood Classics Blown Out Fashion Jersey Turquoise"},{"@type":"BreadcrumbList","@id":"https:\/\/www.autonba.com\/?product=practico-utah-jazz-hardwood-classics-blown-out-fashion-jersey-turquoise#breadcrumb","itemListElement":[{"@type":"ListItem","position":1,"name":"home","item":"https:\/\/www.autonba.com\/"},{"@type":"ListItem","position":2,"name":"Shop","item":"https:\/\/www.autonba.com\/?page_id=10"},{"@type":"ListItem","position":3,"name":"Pr\u00e1ctico Utah Jazz Hardwood Classics Blown Out Fashion Jersey Turquoise"}]},{"@type":"WebSite","@id":"https:\/\/www.autonba.com\/#website","url":"https:\/\/www.autonba.com\/","name":"Cheap jersey - Online Shop","description":"camiseta barata de la NBA","potentialAction":[{"@type":"SearchAction","target":{"@type":"EntryPoint","urlTemplate":"https:\/\/www.autonba.com\/?s={search_term_string}"},"query-input":{"@type":"PropertyValueSpecification","valueRequired":true,"valueName":"search_term_string"}}],"inLanguage":"es"}]}},"_links":{"self":[{"href":"https:\/\/www.autonba.com\/index.php?rest_route=\/wp\/v2\/product\/15863","targetHints":{"allow":["GET"]}}],"collection":[{"href":"https:\/\/www.autonba.com\/index.php?rest_route=\/wp\/v2\/product"}],"about":[{"href":"https:\/\/www.autonba.com\/index.php?rest_route=\/wp\/v2\/types\/product"}],"replies":[{"embeddable":true,"href":"https:\/\/www.autonba.com\/index.php?rest_route=%2Fwp%2Fv2%2Fcomments&post=15863"}],"wp:featuredmedia":[{"embeddable":true,"href":"https:\/\/www.autonba.com\/index.php?rest_route=\/wp\/v2\/media\/15870"}],"wp:attachment":[{"href":"https:\/\/www.autonba.com\/index.php?rest_route=%2Fwp%2Fv2%2Fmedia&parent=15863"}],"wp:term":[{"taxonomy":"product_brand","embeddable":true,"href":"https:\/\/www.autonba.com\/index.php?rest_route=%2Fwp%2Fv2%2Fproduct_brand&post=15863"},{"taxonomy":"product_cat","embeddable":true,"href":"https:\/\/www.autonba.com\/index.php?rest_route=%2Fwp%2Fv2%2Fproduct_cat&post=15863"},{"taxonomy":"product_tag","embeddable":true,"href":"https:\/\/www.autonba.com\/index.php?rest_route=%2Fwp%2Fv2%2Fproduct_tag&post=15863"}],"curies":[{"name":"wp","href":"https:\/\/api.w.org\/{rel}","templated":true}]}}