{"id":10176,"date":"2025-06-17T13:05:03","date_gmt":"2025-06-17T11:05:03","guid":{"rendered":"https:\/\/www.autonba.com\/?product=ideal-rui-hachimura-washington-wizards-nike-swingman-jersey-red"},"modified":"2025-06-17T13:06:20","modified_gmt":"2025-06-17T11:06:20","slug":"ideal-rui-hachimura-washington-wizards-nike-swingman-jersey-red","status":"publish","type":"product","link":"https:\/\/www.autonba.com\/?product=ideal-rui-hachimura-washington-wizards-nike-swingman-jersey-red","title":{"rendered":"Ideal Rui Hachimura Washington Wizards Nike Swingman Jersey Red"},"content":{"rendered":"<p>Moderno Incre\u00edble Rui Hachimura Washington Wizards Nike Swingman Jersey Red  para la gran final<\/p>\n<p>Sum\u00e9rgete en la emoci\u00f3n con esta camiseta. Ideal Rui Hachimura Washington Wizards Nike Swingman Jersey Red. \u00a1No te la pierdas!<\/p>\n","protected":false},"excerpt":{"rendered":"<p>Moderno Incre\u00edble Rui Hachimura Washington Wizards Nike Swingman Jersey Red para la gran final Sum\u00e9rgete en la emoci\u00f3n con esta camiseta. Ideal Rui Hachimura Washington Wizards Nike Swingman Jersey Red. \u00a1No te la pierdas!<\/p>\n","protected":false},"featured_media":10183,"comment_status":"open","ping_status":"open","template":"","meta":[],"product_brand":[],"product_cat":[136,135],"product_tag":[78],"class_list":{"0":"post-10176","1":"product","2":"type-product","3":"status-publish","4":"has-post-thumbnail","6":"product_cat-jersey-washington-wizards","7":"product_cat-washington-wizards","8":"product_tag-jersey","9":"pa_size-2xl","10":"pa_size-3xl","11":"pa_size-l","12":"pa_size-m","13":"pa_size-s","14":"pa_size-xl","16":"first","17":"instock","18":"sale","19":"purchasable","20":"product-type-variable"},"yoast_head":"<!-- This site is optimized with the Yoast SEO Premium plugin v25.3 (Yoast SEO v27.3) - https:\/\/yoast.com\/product\/yoast-seo-premium-wordpress\/ -->\n<title>Moderno Incre\u00edble Rui Hachimura Washington Wizards Nike Swingman Jersey Red para la gran final<\/title>\n<meta name=\"description\" content=\"Sum\u00e9rgete en la emoci\u00f3n con esta camiseta. Ideal Rui Hachimura Washington Wizards Nike Swingman Jersey Red. \u00a1No te la pierdas!\" \/>\n<meta name=\"robots\" content=\"index, follow, max-snippet:-1, max-image-preview:large, max-video-preview:-1\" \/>\n<link rel=\"canonical\" href=\"https:\/\/www.autonba.com\/?product=ideal-rui-hachimura-washington-wizards-nike-swingman-jersey-red\" \/>\n<meta property=\"og:locale\" content=\"es_ES\" \/>\n<meta property=\"og:type\" content=\"article\" \/>\n<meta property=\"og:title\" content=\"Ideal Rui Hachimura Washington Wizards Nike Swingman Jersey Red\" \/>\n<meta property=\"og:description\" content=\"Sum\u00e9rgete en la emoci\u00f3n con esta camiseta. Ideal Rui Hachimura Washington Wizards Nike Swingman Jersey Red. \u00a1No te la pierdas!\" \/>\n<meta property=\"og:url\" content=\"https:\/\/www.autonba.com\/?product=ideal-rui-hachimura-washington-wizards-nike-swingman-jersey-red\" \/>\n<meta property=\"og:site_name\" content=\"camiseta barata de la NBA - Tienda online\" \/>\n<meta property=\"article:modified_time\" content=\"2025-06-17T11:06:20+00:00\" \/>\n<meta property=\"og:image\" content=\"https:\/\/www.autonba.com\/wp-content\/uploads\/2025\/06\/Moderno-Increible-Rui-Hachimura-Washington-Wizards-Nike-Swingman-Jersey-Red-para-la-gran-final.jpeg\" \/>\n\t<meta property=\"og:image:width\" content=\"800\" \/>\n\t<meta property=\"og:image:height\" content=\"800\" \/>\n\t<meta property=\"og:image:type\" content=\"image\/webp\" \/>\n<meta name=\"twitter:card\" content=\"summary_large_image\" \/>\n<meta name=\"twitter:title\" content=\"Moderno Incre\u00edble Rui Hachimura Washington Wizards Nike Swingman Jersey Red para la gran final\" \/>\n<meta name=\"twitter:description\" content=\"Sum\u00e9rgete en la emoci\u00f3n con esta camiseta. Ideal Rui Hachimura Washington Wizards Nike Swingman Jersey Red. \u00a1No te la pierdas!\" \/>\n<script type=\"application\/ld+json\" class=\"yoast-schema-graph\">{\"@context\":\"https:\\\/\\\/schema.org\",\"@graph\":[{\"@type\":\"WebPage\",\"@id\":\"https:\\\/\\\/www.autonba.com\\\/?product=ideal-rui-hachimura-washington-wizards-nike-swingman-jersey-red\",\"url\":\"https:\\\/\\\/www.autonba.com\\\/?product=ideal-rui-hachimura-washington-wizards-nike-swingman-jersey-red\",\"name\":\"Moderno Incre\u00edble Rui Hachimura Washington Wizards Nike Swingman Jersey Red para la gran final\",\"isPartOf\":{\"@id\":\"https:\\\/\\\/www.autonba.com\\\/#website\"},\"primaryImageOfPage\":{\"@id\":\"https:\\\/\\\/www.autonba.com\\\/?product=ideal-rui-hachimura-washington-wizards-nike-swingman-jersey-red#primaryimage\"},\"image\":{\"@id\":\"https:\\\/\\\/www.autonba.com\\\/?product=ideal-rui-hachimura-washington-wizards-nike-swingman-jersey-red#primaryimage\"},\"thumbnailUrl\":\"https:\\\/\\\/www.autonba.com\\\/wp-content\\\/uploads\\\/2025\\\/06\\\/Moderno-Increible-Rui-Hachimura-Washington-Wizards-Nike-Swingman-Jersey-Red-para-la-gran-final.jpeg\",\"datePublished\":\"2025-06-17T11:05:03+00:00\",\"dateModified\":\"2025-06-17T11:06:20+00:00\",\"description\":\"Sum\u00e9rgete en la emoci\u00f3n con esta camiseta. Ideal Rui Hachimura Washington Wizards Nike Swingman Jersey Red. \u00a1No te la pierdas!\",\"breadcrumb\":{\"@id\":\"https:\\\/\\\/www.autonba.com\\\/?product=ideal-rui-hachimura-washington-wizards-nike-swingman-jersey-red#breadcrumb\"},\"inLanguage\":\"es\",\"potentialAction\":[{\"@type\":\"ReadAction\",\"target\":[\"https:\\\/\\\/www.autonba.com\\\/?product=ideal-rui-hachimura-washington-wizards-nike-swingman-jersey-red\"]}]},{\"@type\":\"ImageObject\",\"inLanguage\":\"es\",\"@id\":\"https:\\\/\\\/www.autonba.com\\\/?product=ideal-rui-hachimura-washington-wizards-nike-swingman-jersey-red#primaryimage\",\"url\":\"https:\\\/\\\/www.autonba.com\\\/wp-content\\\/uploads\\\/2025\\\/06\\\/Moderno-Increible-Rui-Hachimura-Washington-Wizards-Nike-Swingman-Jersey-Red-para-la-gran-final.jpeg\",\"contentUrl\":\"https:\\\/\\\/www.autonba.com\\\/wp-content\\\/uploads\\\/2025\\\/06\\\/Moderno-Increible-Rui-Hachimura-Washington-Wizards-Nike-Swingman-Jersey-Red-para-la-gran-final.jpeg\",\"width\":800,\"height\":800,\"caption\":\"Ideal Rui Hachimura Washington Wizards Nike Swingman Jersey Red\"},{\"@type\":\"BreadcrumbList\",\"@id\":\"https:\\\/\\\/www.autonba.com\\\/?product=ideal-rui-hachimura-washington-wizards-nike-swingman-jersey-red#breadcrumb\",\"itemListElement\":[{\"@type\":\"ListItem\",\"position\":1,\"name\":\"home\",\"item\":\"https:\\\/\\\/www.autonba.com\\\/\"},{\"@type\":\"ListItem\",\"position\":2,\"name\":\"Shop\",\"item\":\"https:\\\/\\\/www.autonba.com\\\/?page_id=10\"},{\"@type\":\"ListItem\",\"position\":3,\"name\":\"Ideal Rui Hachimura Washington Wizards Nike Swingman Jersey Red\"}]},{\"@type\":\"WebSite\",\"@id\":\"https:\\\/\\\/www.autonba.com\\\/#website\",\"url\":\"https:\\\/\\\/www.autonba.com\\\/\",\"name\":\"Cheap jersey - Online Shop\",\"description\":\"camiseta barata de la NBA\",\"potentialAction\":[{\"@type\":\"SearchAction\",\"target\":{\"@type\":\"EntryPoint\",\"urlTemplate\":\"https:\\\/\\\/www.autonba.com\\\/?s={search_term_string}\"},\"query-input\":{\"@type\":\"PropertyValueSpecification\",\"valueRequired\":true,\"valueName\":\"search_term_string\"}}],\"inLanguage\":\"es\"}]}<\/script>\n<!-- \/ Yoast SEO Premium plugin. -->","yoast_head_json":{"title":"Moderno Incre\u00edble Rui Hachimura Washington Wizards Nike Swingman Jersey Red para la gran final","description":"Sum\u00e9rgete en la emoci\u00f3n con esta camiseta. Ideal Rui Hachimura Washington Wizards Nike Swingman Jersey Red. \u00a1No te la pierdas!","robots":{"index":"index","follow":"follow","max-snippet":"max-snippet:-1","max-image-preview":"max-image-preview:large","max-video-preview":"max-video-preview:-1"},"canonical":"https:\/\/www.autonba.com\/?product=ideal-rui-hachimura-washington-wizards-nike-swingman-jersey-red","og_locale":"es_ES","og_type":"article","og_title":"Ideal Rui Hachimura Washington Wizards Nike Swingman Jersey Red","og_description":"Sum\u00e9rgete en la emoci\u00f3n con esta camiseta. Ideal Rui Hachimura Washington Wizards Nike Swingman Jersey Red. \u00a1No te la pierdas!","og_url":"https:\/\/www.autonba.com\/?product=ideal-rui-hachimura-washington-wizards-nike-swingman-jersey-red","og_site_name":"camiseta barata de la NBA - Tienda online","article_modified_time":"2025-06-17T11:06:20+00:00","og_image":[{"width":800,"height":800,"url":"https:\/\/www.autonba.com\/wp-content\/uploads\/2025\/06\/Moderno-Increible-Rui-Hachimura-Washington-Wizards-Nike-Swingman-Jersey-Red-para-la-gran-final.jpeg","type":"image\/webp"}],"twitter_card":"summary_large_image","twitter_title":"Moderno Incre\u00edble Rui Hachimura Washington Wizards Nike Swingman Jersey Red para la gran final","twitter_description":"Sum\u00e9rgete en la emoci\u00f3n con esta camiseta. Ideal Rui Hachimura Washington Wizards Nike Swingman Jersey Red. \u00a1No te la pierdas!","schema":{"@context":"https:\/\/schema.org","@graph":[{"@type":"WebPage","@id":"https:\/\/www.autonba.com\/?product=ideal-rui-hachimura-washington-wizards-nike-swingman-jersey-red","url":"https:\/\/www.autonba.com\/?product=ideal-rui-hachimura-washington-wizards-nike-swingman-jersey-red","name":"Moderno Incre\u00edble Rui Hachimura Washington Wizards Nike Swingman Jersey Red para la gran final","isPartOf":{"@id":"https:\/\/www.autonba.com\/#website"},"primaryImageOfPage":{"@id":"https:\/\/www.autonba.com\/?product=ideal-rui-hachimura-washington-wizards-nike-swingman-jersey-red#primaryimage"},"image":{"@id":"https:\/\/www.autonba.com\/?product=ideal-rui-hachimura-washington-wizards-nike-swingman-jersey-red#primaryimage"},"thumbnailUrl":"https:\/\/www.autonba.com\/wp-content\/uploads\/2025\/06\/Moderno-Increible-Rui-Hachimura-Washington-Wizards-Nike-Swingman-Jersey-Red-para-la-gran-final.jpeg","datePublished":"2025-06-17T11:05:03+00:00","dateModified":"2025-06-17T11:06:20+00:00","description":"Sum\u00e9rgete en la emoci\u00f3n con esta camiseta. Ideal Rui Hachimura Washington Wizards Nike Swingman Jersey Red. \u00a1No te la pierdas!","breadcrumb":{"@id":"https:\/\/www.autonba.com\/?product=ideal-rui-hachimura-washington-wizards-nike-swingman-jersey-red#breadcrumb"},"inLanguage":"es","potentialAction":[{"@type":"ReadAction","target":["https:\/\/www.autonba.com\/?product=ideal-rui-hachimura-washington-wizards-nike-swingman-jersey-red"]}]},{"@type":"ImageObject","inLanguage":"es","@id":"https:\/\/www.autonba.com\/?product=ideal-rui-hachimura-washington-wizards-nike-swingman-jersey-red#primaryimage","url":"https:\/\/www.autonba.com\/wp-content\/uploads\/2025\/06\/Moderno-Increible-Rui-Hachimura-Washington-Wizards-Nike-Swingman-Jersey-Red-para-la-gran-final.jpeg","contentUrl":"https:\/\/www.autonba.com\/wp-content\/uploads\/2025\/06\/Moderno-Increible-Rui-Hachimura-Washington-Wizards-Nike-Swingman-Jersey-Red-para-la-gran-final.jpeg","width":800,"height":800,"caption":"Ideal Rui Hachimura Washington Wizards Nike Swingman Jersey Red"},{"@type":"BreadcrumbList","@id":"https:\/\/www.autonba.com\/?product=ideal-rui-hachimura-washington-wizards-nike-swingman-jersey-red#breadcrumb","itemListElement":[{"@type":"ListItem","position":1,"name":"home","item":"https:\/\/www.autonba.com\/"},{"@type":"ListItem","position":2,"name":"Shop","item":"https:\/\/www.autonba.com\/?page_id=10"},{"@type":"ListItem","position":3,"name":"Ideal Rui Hachimura Washington Wizards Nike Swingman Jersey Red"}]},{"@type":"WebSite","@id":"https:\/\/www.autonba.com\/#website","url":"https:\/\/www.autonba.com\/","name":"Cheap jersey - Online Shop","description":"camiseta barata de la NBA","potentialAction":[{"@type":"SearchAction","target":{"@type":"EntryPoint","urlTemplate":"https:\/\/www.autonba.com\/?s={search_term_string}"},"query-input":{"@type":"PropertyValueSpecification","valueRequired":true,"valueName":"search_term_string"}}],"inLanguage":"es"}]}},"_links":{"self":[{"href":"https:\/\/www.autonba.com\/index.php?rest_route=\/wp\/v2\/product\/10176","targetHints":{"allow":["GET"]}}],"collection":[{"href":"https:\/\/www.autonba.com\/index.php?rest_route=\/wp\/v2\/product"}],"about":[{"href":"https:\/\/www.autonba.com\/index.php?rest_route=\/wp\/v2\/types\/product"}],"replies":[{"embeddable":true,"href":"https:\/\/www.autonba.com\/index.php?rest_route=%2Fwp%2Fv2%2Fcomments&post=10176"}],"wp:featuredmedia":[{"embeddable":true,"href":"https:\/\/www.autonba.com\/index.php?rest_route=\/wp\/v2\/media\/10183"}],"wp:attachment":[{"href":"https:\/\/www.autonba.com\/index.php?rest_route=%2Fwp%2Fv2%2Fmedia&parent=10176"}],"wp:term":[{"taxonomy":"product_brand","embeddable":true,"href":"https:\/\/www.autonba.com\/index.php?rest_route=%2Fwp%2Fv2%2Fproduct_brand&post=10176"},{"taxonomy":"product_cat","embeddable":true,"href":"https:\/\/www.autonba.com\/index.php?rest_route=%2Fwp%2Fv2%2Fproduct_cat&post=10176"},{"taxonomy":"product_tag","embeddable":true,"href":"https:\/\/www.autonba.com\/index.php?rest_route=%2Fwp%2Fv2%2Fproduct_tag&post=10176"}],"curies":[{"name":"wp","href":"https:\/\/api.w.org\/{rel}","templated":true}]}}